{"id":334,"date":"2019-12-25T15:19:37","date_gmt":"2019-12-25T15:19:37","guid":{"rendered":"http:\/\/bandnordend.de\/?page_id=334"},"modified":"2019-12-25T15:19:37","modified_gmt":"2019-12-25T15:19:37","slug":"einfach-gut","status":"publish","type":"page","link":"https:\/\/www.bandnordend.de\/?page_id=334","title":{"rendered":"Einfach Gut"},"content":{"rendered":"\n<p>Es gibt Lieder \u00fcber Helden<br \/>\nEs gibt Lieder \u00fcber dies und das<br \/>\n\u00dcber ihn da gibt es gar nichts<br \/>\nEr sitzt vor  \u00b4nem leeren Glas<\/p>\n<p>Er hat auch keine Freunde<br \/>\nF\u00fcr ihn interessiert sich kein Schwein<br \/>\nEr geht in der Masse unter<br \/>\nUnd das wird immer so sein<\/p>\n<p>F\u00fcr stinknormale Leute<br \/>\nBilden Menschen keinen Ring<br \/>\nEr steht nicht in der Mitte<br \/>\nGenau das ist sein Ding<\/p>\n<p>F\u00fcr stinknormale Leute<br \/>\nBilden Menschen keinen Ring<br \/>\nEr steht nicht in der Mitte<br \/>\nGenau das ist sein Ding<\/p>\n<p>Er geht jeden Tag zur Arbeit<br \/>\nSein Name ist dort kaum bekannt<br \/>\nEr will ja auch nicht auffallen<br \/>\nSteht wie ein Bl\u00fcmchen an der Wand<\/p>\n<p>Er hat Freude an kleinen Dingen<br \/>\nNicht zu gro\u00df und nicht zu schwer<br \/>\nEr will leben, er muss sterben<br \/>\nMehr gibt seine Story nicht her<\/p>\n<p>F\u00fcr stinknormale Leute\u2026<\/p>\n<p>So ne stinknormale Type<br \/>\nKeiner wei\u00df was er so tut<br \/>\nUnd es will auch keiner wissen<br \/>\nEr ist ok und einfach gut<\/p>\n<p>Er wollte nie was Bess\u2018 res sein<br \/>\nEr blinzelt in die Welt<br \/>\nDieses Lied setzt ihm ein Denkmal<br \/>\nEgal ob\u2019s ihm gef\u00e4llt<\/p>\n<p>F\u00fcr stinknormale Leute\u2026<\/p>\n","protected":false},"excerpt":{"rendered":"<p>Es gibt Lieder \u00fcber Helden Es gibt Lieder \u00fcber dies und das \u00dcber ihn da gibt es gar nichts Er sitzt vor \u00b4nem leeren Glas Er hat auch keine Freunde F\u00fcr ihn interessiert sich kein Schwein Er geht in der Masse unter Und das wird immer so sein F\u00fcr stinknormale Leute Bilden Menschen keinen Ring &hellip; <a href=\"https:\/\/www.bandnordend.de\/?page_id=334\" class=\"more-link\"><span class=\"screen-reader-text\">\u201eEinfach Gut\u201c<\/span> weiterlesen<\/a><\/p>\n","protected":false},"author":1,"featured_media":0,"parent":0,"menu_order":0,"comment_status":"closed","ping_status":"closed","template":"","meta":{"footnotes":""},"class_list":["post-334","page","type-page","status-publish","hentry"],"_links":{"self":[{"href":"https:\/\/www.bandnordend.de\/index.php?rest_route=\/wp\/v2\/pages\/334","targetHints":{"allow":["GET"]}}],"collection":[{"href":"https:\/\/www.bandnordend.de\/index.php?rest_route=\/wp\/v2\/pages"}],"about":[{"href":"https:\/\/www.bandnordend.de\/index.php?rest_route=\/wp\/v2\/types\/page"}],"author":[{"embeddable":true,"href":"https:\/\/www.bandnordend.de\/index.php?rest_route=\/wp\/v2\/users\/1"}],"replies":[{"embeddable":true,"href":"https:\/\/www.bandnordend.de\/index.php?rest_route=%2Fwp%2Fv2%2Fcomments&post=334"}],"version-history":[{"count":1,"href":"https:\/\/www.bandnordend.de\/index.php?rest_route=\/wp\/v2\/pages\/334\/revisions"}],"predecessor-version":[{"id":335,"href":"https:\/\/www.bandnordend.de\/index.php?rest_route=\/wp\/v2\/pages\/334\/revisions\/335"}],"wp:attachment":[{"href":"https:\/\/www.bandnordend.de\/index.php?rest_route=%2Fwp%2Fv2%2Fmedia&parent=334"}],"curies":[{"name":"wp","href":"https:\/\/api.w.org\/{rel}","templated":true}]}}