{"id":212,"date":"2017-09-19T18:58:46","date_gmt":"2017-09-19T18:58:46","guid":{"rendered":"http:\/\/bandnordend.de\/?page_id=212"},"modified":"2017-09-26T19:38:42","modified_gmt":"2017-09-26T19:38:42","slug":"bandmitglieder","status":"publish","type":"page","link":"https:\/\/www.bandnordend.de\/?page_id=212","title":{"rendered":"Bandmitglieder"},"content":{"rendered":"<p><img loading=\"lazy\" decoding=\"async\" class=\"alignnone size-medium wp-image-36\" src=\"https:\/\/www.bandnordend.de\/wp-content\/uploads\/2016\/06\/CrazyZag-200x300.jpg\" alt=\"CrazyZag\" width=\"200\" height=\"300\" srcset=\"https:\/\/www.bandnordend.de\/wp-content\/uploads\/2016\/06\/CrazyZag-200x300.jpg 200w, https:\/\/www.bandnordend.de\/wp-content\/uploads\/2016\/06\/CrazyZag.jpg 640w\" sizes=\"auto, (max-width: 200px) 85vw, 200px\" \/><br \/>\n<strong>Crazy Zak<\/strong>&#8230;<br \/>\n&#8230;fand seine alte Band zu soft. Kn\u00fcppelt zum Stressabbau wie irre auf seinen Drums herum und zerschrotet dabei eimerweise Sticks. Die Holzreste schenkt er unschuldigen Kindern. Liebt alle Menschen.<\/p>\n<p><img loading=\"lazy\" decoding=\"async\" class=\"alignnone wp-image-37 size-medium\" src=\"https:\/\/www.bandnordend.de\/wp-content\/uploads\/2016\/06\/DrKramenke-200x300.jpg\" alt=\"DrKramenke\" width=\"200\" height=\"300\" srcset=\"https:\/\/www.bandnordend.de\/wp-content\/uploads\/2016\/06\/DrKramenke-200x300.jpg 200w, https:\/\/www.bandnordend.de\/wp-content\/uploads\/2016\/06\/DrKramenke.jpg 640w\" sizes=\"auto, (max-width: 200px) 85vw, 200px\" \/><br \/>\n<strong>Dr. Kramenke<\/strong>&#8230;<br \/>\n&#8230;schreibt schwarzromantische, sarkastische Songs \u00fcber Zweifel, Zwietracht, Tr\u00e4ume, \u00c4ngste, Scheitern, Schuld und Tod. Tr\u00e4gt sie anschlie\u00dfend mit seiner br\u00fcchigen Knabenchorstimme vor. Ein fr\u00f6hlicher, optimistischer Zeitgenosse.<\/p>\n<p><img loading=\"lazy\" decoding=\"async\" class=\"alignnone size-medium wp-image-38\" src=\"https:\/\/www.bandnordend.de\/wp-content\/uploads\/2016\/06\/MattiBugatti-200x300.jpg\" alt=\"MattiBugatti\" width=\"200\" height=\"300\" srcset=\"https:\/\/www.bandnordend.de\/wp-content\/uploads\/2016\/06\/MattiBugatti-200x300.jpg 200w, https:\/\/www.bandnordend.de\/wp-content\/uploads\/2016\/06\/MattiBugatti.jpg 640w\" sizes=\"auto, (max-width: 200px) 85vw, 200px\" \/><br \/>\n<strong>Matti Bugatti<\/strong>&#8230;<br \/>\n&#8230;improvisiert fantastische Melodien mit der Lead Gitarre, vergisst sie bis zur n\u00e4chsten Probe, denkt sich dann neue, noch bessere aus. Exquisit und edel wie ein alter franz\u00f6sischer Rennwagen.<\/p>\n<p><img loading=\"lazy\" decoding=\"async\" class=\"alignnone size-medium wp-image-39\" src=\"https:\/\/www.bandnordend.de\/wp-content\/uploads\/2016\/06\/SirMoses-200x300.jpg\" alt=\"SirMoses\" width=\"200\" height=\"300\" srcset=\"https:\/\/www.bandnordend.de\/wp-content\/uploads\/2016\/06\/SirMoses-200x300.jpg 200w, https:\/\/www.bandnordend.de\/wp-content\/uploads\/2016\/06\/SirMoses.jpg 640w\" sizes=\"auto, (max-width: 200px) 85vw, 200px\" \/><br \/>\n<strong>Sir Moses<\/strong>&#8230;<br \/>\n&#8230;grundiert den Sound der Band mit souver\u00e4nem Bassspiel. Kann auch sch\u00f6ne, basslastige Backing Vocals. Hat eine abgr\u00fcndige, dunkle Seite, strahlt aber stets Gelassenheit aus. Stammt vermutlich aus altem Wikingeradel.<\/p>\n<p><img loading=\"lazy\" decoding=\"async\" class=\"alignnone size-medium wp-image-40\" src=\"https:\/\/www.bandnordend.de\/wp-content\/uploads\/2016\/06\/StevetheChief-200x300.jpg\" alt=\"StevetheChief\" width=\"200\" height=\"300\" srcset=\"https:\/\/www.bandnordend.de\/wp-content\/uploads\/2016\/06\/StevetheChief-200x300.jpg 200w, https:\/\/www.bandnordend.de\/wp-content\/uploads\/2016\/06\/StevetheChief.jpg 640w\" sizes=\"auto, (max-width: 200px) 85vw, 200px\" \/><br \/>\n<strong>Steve the Chief<\/strong>&#8230;<br \/>\n&#8230;Ist der Chefkoch an der Gitarre. Denkt sich st\u00e4ndig neue Sachen aus. Ist nie zufrieden und will immer nochmal alles optimieren. Guter Mann. \u00dcbt heimlich zu Hause.<\/p>\n<p>Nordend live auf der B\u00fchne:<\/p>\n<p><iframe loading=\"lazy\" width=\"400\" height=\"225\" src=\"https:\/\/www.youtube.com\/embed\/tUiTgXoQsyg\" frameborder=\"0\" allowfullscreen><\/iframe><\/p>\n<p>Hier gibts noch mehr <a href=\"https:\/\/www.bandnordend.de\/?page_id=136\">Kostproben<\/a>.<\/p>\n","protected":false},"excerpt":{"rendered":"<p>Crazy Zak&#8230; &#8230;fand seine alte Band zu soft. Kn\u00fcppelt zum Stressabbau wie irre auf seinen Drums herum und zerschrotet dabei eimerweise Sticks. Die Holzreste schenkt er unschuldigen Kindern. Liebt alle Menschen. Dr. Kramenke&#8230; &#8230;schreibt schwarzromantische, sarkastische Songs \u00fcber Zweifel, Zwietracht, Tr\u00e4ume, \u00c4ngste, Scheitern, Schuld und Tod. Tr\u00e4gt sie anschlie\u00dfend mit seiner br\u00fcchigen Knabenchorstimme vor. Ein &hellip; <a href=\"https:\/\/www.bandnordend.de\/?page_id=212\" class=\"more-link\"><span class=\"screen-reader-text\">\u201eBandmitglieder\u201c<\/span> weiterlesen<\/a><\/p>\n","protected":false},"author":1,"featured_media":0,"parent":0,"menu_order":0,"comment_status":"closed","ping_status":"closed","template":"","meta":{"footnotes":""},"class_list":["post-212","page","type-page","status-publish","hentry"],"_links":{"self":[{"href":"https:\/\/www.bandnordend.de\/index.php?rest_route=\/wp\/v2\/pages\/212","targetHints":{"allow":["GET"]}}],"collection":[{"href":"https:\/\/www.bandnordend.de\/index.php?rest_route=\/wp\/v2\/pages"}],"about":[{"href":"https:\/\/www.bandnordend.de\/index.php?rest_route=\/wp\/v2\/types\/page"}],"author":[{"embeddable":true,"href":"https:\/\/www.bandnordend.de\/index.php?rest_route=\/wp\/v2\/users\/1"}],"replies":[{"embeddable":true,"href":"https:\/\/www.bandnordend.de\/index.php?rest_route=%2Fwp%2Fv2%2Fcomments&post=212"}],"version-history":[{"count":4,"href":"https:\/\/www.bandnordend.de\/index.php?rest_route=\/wp\/v2\/pages\/212\/revisions"}],"predecessor-version":[{"id":241,"href":"https:\/\/www.bandnordend.de\/index.php?rest_route=\/wp\/v2\/pages\/212\/revisions\/241"}],"wp:attachment":[{"href":"https:\/\/www.bandnordend.de\/index.php?rest_route=%2Fwp%2Fv2%2Fmedia&parent=212"}],"curies":[{"name":"wp","href":"https:\/\/api.w.org\/{rel}","templated":true}]}}